{"id":28,"date":"2022-12-02T13:58:39","date_gmt":"2022-12-02T14:58:39","guid":{"rendered":"https:\/\/eccomi.coop\/coop\/about\/"},"modified":"2022-12-12T08:25:41","modified_gmt":"2022-12-12T09:25:41","slug":"about","status":"publish","type":"page","link":"https:\/\/eccomi.coop\/coop\/about\/","title":{"rendered":"About"},"content":{"rendered":"\n\n\n<h2>About Us<\/h2>\n\n\n\n\n<h5>#WhoWeAre<\/h5>\n<h4>Cooperativa Sociale Eccomi<\/h4>\n<h4>CHI SIAMO<\/h4>\n<div class=\"pagelayer-heading-holder pagelayer-pen pagelayer-pen-focused\" pagelayer-editable=\"text\" contenteditable=\"true\">ECCOMI \u00e8 una cooperativa sociale nata dal desiderio di offrire un\u2019opportunit\u00e0 di formazione e lavoro a persone che vogliono riscattare la propria vita dopo un cammino di recupero e rinascita interiore.\n<\/div>\n<div class=\"pagelayer-heading-holder pagelayer-pen pagelayer-pen-focused\" pagelayer-editable=\"text\" contenteditable=\"true\">Il cuore di Eccomi \u00e8 un cammino di riscoperta di valori che trova le sue radici e il suo nutrimento nella Comunit\u00e0 Cenacolo fondata da Madre Elvira Petrozzi.<\/div>\n\n\n\n\n\n\n\n\n\n\n\n\n\n\n<h4>#WhyChooseUs<\/h4>\n<h6>PERCHE&#8217; SCEGLIERE NOI<\/h6>\nScegliendo la Cooperativa Eccomi sostieni il nostro progetto: i servizi che offriamo ad aziende, privati e ad altri enti non profit ci permettono di realizzare gratuitamente i corsi di formazione per chi desidera rientrare con impegno nel mondo del lavoro.\n\n\n\n\n\n\n\n<h5>#Training<\/h5>\n<h4>LA FORMAZIONE<\/h4>\nLe nostre attivit\u00e0 di formazione valorizzano l\u2019umanit\u00e0 e la professionalit\u00e0 delle persone, costruendo un punto di ripartenza dal quale prendere il volo e riscattare la\npropria vita reinserendosi nella societ\u00e0 con dignit\u00e0, professionalit\u00e0\ne competenza.<\/div>\n\n\n\n\n\n\n\n","protected":false},"excerpt":{"rendered":"","protected":false},"author":1,"featured_media":0,"parent":0,"menu_order":0,"comment_status":"closed","ping_status":"closed","template":"","meta":{"footnotes":""},"class_list":["post-28","page","type-page","status-publish","hentry"],"_links":{"self":[{"href":"https:\/\/eccomi.coop\/coop\/wp-json\/wp\/v2\/pages\/28","targetHints":{"allow":["GET"]}}],"collection":[{"href":"https:\/\/eccomi.coop\/coop\/wp-json\/wp\/v2\/pages"}],"about":[{"href":"https:\/\/eccomi.coop\/coop\/wp-json\/wp\/v2\/types\/page"}],"author":[{"embeddable":true,"href":"https:\/\/eccomi.coop\/coop\/wp-json\/wp\/v2\/users\/1"}],"replies":[{"embeddable":true,"href":"https:\/\/eccomi.coop\/coop\/wp-json\/wp\/v2\/comments?post=28"}],"version-history":[{"count":46,"href":"https:\/\/eccomi.coop\/coop\/wp-json\/wp\/v2\/pages\/28\/revisions"}],"predecessor-version":[{"id":404,"href":"https:\/\/eccomi.coop\/coop\/wp-json\/wp\/v2\/pages\/28\/revisions\/404"}],"wp:attachment":[{"href":"https:\/\/eccomi.coop\/coop\/wp-json\/wp\/v2\/media?parent=28"}],"curies":[{"name":"wp","href":"https:\/\/api.w.org\/{rel}","templated":true}]}}